{"id":212,"date":"2019-02-13T10:34:39","date_gmt":"2019-02-13T10:34:39","guid":{"rendered":"https:\/\/www.sonnleitner-consulting.at\/smartassets\/?page_id=212"},"modified":"2021-01-30T13:35:15","modified_gmt":"2021-01-30T11:35:15","slug":"home","status":"publish","type":"page","link":"https:\/\/www.smartassets.at\/cms\/","title":{"rendered":"HOME"},"content":{"rendered":"<div>\n<p>        <img decoding=\"async\" src=\"wp-content\/uploads\/shutterstock_gruppe_tablet-2.jpg\" alt=\"\"><\/p>\n<h3>ma\u00dfgeschneiderte digitale l\u00f6sungen <\/h3>\n<div>\n<p>und der bedingungslose Fokus all unserer Aktivit\u00e4ten und Entwicklungen auf die Bed\u00fcrfnisse \u00e4lterer Zielgruppen zeichnen uns aus. Im Vordergrund stehen individuelle, digitale Produkte und Dienstleistungen mit dem Anspruch auf einfache und intuitive Bedienung sowie einen hohen Differenzierungsgrad.\u00a0<\/p>\n<\/div>\n<\/div>\n<div>\n<p>        <img decoding=\"async\" src=\"wp-content\/uploads\/shutterstock_residenzworker-2.jpg\" alt=\"\"><\/p>\n<h3>spezifisches Know-How <\/h3>\n<div>\n<p>mit unserer Zielgruppe und deren Umgang mit neuen Technologien ist unser Asset und entscheidend f\u00fcr eine erfolgreiche Umsetzung sowie f\u00fcr die schnelle Markteinf\u00fchrung Ihrer Projekte! Einen nachhaltigen Erfolg sowie eine hohe Kundenakzeptanz gew\u00e4hrleisten wir gemeinsam durch ein betriebswirtschaftliches und fachliches Controlling.<\/p>\n<\/div>\n<\/div>\n<div>\n<p>        <img decoding=\"async\" src=\"wp-content\/uploads\/shutterstock_jungalt-2.jpg\" alt=\"\"><\/p>\n<h3>kleine und gro\u00dfe unternehmen <\/h3>\n<div>\n<p>die einer wachsenden \u00e4lteren Zielgruppe innovative digitale Dienstleistungen und Produkte einfach und zielgruppengerecht anbieten wollen, sind unsere Kunden.<\/p>\n<\/div>\n<\/div>\n<blockquote>\n<p>Mit der Smart Assets haben wir f\u00fcr die Positionierung und Einf\u00fchrung des <a href=\"https:\/\/www.sonnleitner-consulting.at\/smartassets\/projekte\/\">Life-Managers<\/a> am \u00d6sterreichischen Markt den richtigen Partner gefunden. Das Team hat die notwendige Erfahrung und beste Vorraussetzungen, unsere innovativen Gesamtl\u00f6sungen der \u00e4lteren Zielgruppe entsprechend zu transportieren und die Nutzung nachhaltig zu vermitteln. Ein gutes Verst\u00e4ndnis f\u00fcr Innovationen kombiniert mit einer ausgepr\u00e4gten &#8222;Hands-On&#8220; Mentalit\u00e4t zeichnet unseren Partner aus!<\/p>\n<footer>\n<p>        Bo H. Iversen (CEO Life-Partners)<\/p>\n<\/footer>\n<\/blockquote>\n<p><!-- {\"type\":\"layout\",\"children\":[{\"type\":\"section\",\"props\":{\"style\":\"default\",\"width\":\"expand\",\"vertical_align\":\"middle\",\"title_position\":\"top-left\",\"title_rotation\":\"left\",\"title_breakpoint\":\"xl\",\"image_position\":\"center-center\",\"text_color\":\"\",\"width_expand\":\"\",\"height\":\"\",\"padding\":\"\",\"header_transparent\":\"\",\"animation\":\"\",\"overlap\":false},\"children\":[{\"type\":\"row\",\"props\":{\"layout\":\"1-1\",\"breakpoint\":\"m\",\"fixed_width\":\"large\",\"gutter\":\"\",\"width\":\"\",\"width_expand\":\"\",\"height\":\"\",\"margin\":\"\"},\"children\":[{\"type\":\"column\",\"props\":{\"widths\":[\"1-1\"],\"image_position\":\"center-center\",\"media_overlay_gradient\":\"\",\"vertical_align\":\"\",\"style\":\"\",\"text_color\":\"\",\"padding\":\"\"},\"children\":[{\"type\":\"panel\",\"props\":{\"link_text\":\"Read more\",\"title_element\":\"h3\",\"meta_style\":\"meta\",\"meta_align\":\"bottom\",\"icon_ratio\":4,\"image_align\":\"top\",\"image_grid_width\":\"1-2\",\"image_breakpoint\":\"m\",\"link_style\":\"default\",\"margin\":\"remove-vertical\",\"panel_style\":\"\",\"panel_size\":\"large\",\"title_style\":\"\",\"title_decoration\":\"divider\",\"title_color\":\"\",\"meta_color\":\"\",\"meta_margin\":\"\",\"content_style\":\"\",\"image_border\":\"\",\"image_box_shadow\":\"\",\"image_hover_box_shadow\":\"\",\"image_box_decoration\":\"\",\"icon_color\":\"\",\"image_gutter\":\"\",\"link_size\":\"\",\"text_align\":\"\",\"text_align_breakpoint\":\"\",\"text_align_fallback\":\"\",\"maxwidth\":\"\",\"maxwidth_align\":\"\",\"maxwidth_breakpoint\":\"\",\"animation\":\"\",\"visibility\":\"\",\"content\":\"\n\n<p>und der bedingungslose Fokus all unserer Aktivit\\u00e4ten und Entwicklungen auf die Bed\\u00fcrfnisse \\u00e4lterer Zielgruppen zeichnen uns aus. Im Vordergrund stehen individuelle, digitale Produkte und Dienstleistungen mit dem Anspruch auf einfache und intuitive Bedienung sowie einen hohen Differenzierungsgrad.\\u00a0<\\\/p>\",\"title\":\"ma\\u00dfgeschneiderte digitale l\\u00f6sungen \",\"image\":\"wp-content\\\/uploads\\\/shutterstock_gruppe_tablet-2.jpg\",\"image_height\":\"500\"}},{\"type\":\"panel\",\"props\":{\"link_text\":\"Read more\",\"title_element\":\"h3\",\"meta_style\":\"meta\",\"meta_align\":\"bottom\",\"icon_ratio\":4,\"image_align\":\"top\",\"image_grid_width\":\"1-2\",\"image_breakpoint\":\"m\",\"link_style\":\"default\",\"margin\":\"remove-vertical\",\"panel_style\":\"\",\"panel_size\":\"large\",\"title_style\":\"\",\"title_decoration\":\"divider\",\"title_color\":\"\",\"meta_color\":\"\",\"meta_margin\":\"\",\"content_style\":\"\",\"image_border\":\"\",\"image_box_shadow\":\"\",\"image_hover_box_shadow\":\"\",\"image_box_decoration\":\"\",\"icon_color\":\"\",\"image_gutter\":\"\",\"link_size\":\"\",\"text_align\":\"\",\"text_align_breakpoint\":\"\",\"text_align_fallback\":\"\",\"maxwidth\":\"\",\"maxwidth_align\":\"\",\"maxwidth_breakpoint\":\"\",\"animation\":\"\",\"visibility\":\"\",\"content\":\"\n\n<p>mit unserer Zielgruppe und deren Umgang mit neuen Technologien ist unser Asset und entscheidend f\\u00fcr eine erfolgreiche Umsetzung sowie f\\u00fcr die schnelle Markteinf\\u00fchrung Ihrer Projekte! Einen nachhaltigen Erfolg sowie eine hohe Kundenakzeptanz gew\\u00e4hrleisten wir gemeinsam durch ein betriebswirtschaftliches und fachliches Controlling.<\\\/p>\",\"title\":\"spezifisches Know-How \",\"image\":\"wp-content\\\/uploads\\\/shutterstock_residenzworker-2.jpg\",\"image_height\":\"500\"}},{\"type\":\"panel\",\"props\":{\"link_text\":\"Read more\",\"title_element\":\"h3\",\"meta_style\":\"meta\",\"meta_align\":\"bottom\",\"icon_ratio\":4,\"image_align\":\"top\",\"image_grid_width\":\"1-2\",\"image_breakpoint\":\"m\",\"link_style\":\"default\",\"margin\":\"default\",\"panel_style\":\"\",\"panel_size\":\"large\",\"title_style\":\"\",\"title_decoration\":\"divider\",\"title_color\":\"\",\"meta_color\":\"\",\"meta_margin\":\"\",\"content_style\":\"\",\"image_border\":\"\",\"image_box_shadow\":\"\",\"image_hover_box_shadow\":\"\",\"image_box_decoration\":\"\",\"icon_color\":\"\",\"image_gutter\":\"\",\"link_size\":\"\",\"text_align\":\"\",\"text_align_breakpoint\":\"\",\"text_align_fallback\":\"\",\"maxwidth\":\"\",\"maxwidth_align\":\"\",\"maxwidth_breakpoint\":\"\",\"animation\":\"\",\"visibility\":\"\",\"content\":\"\n\n<p>die einer wachsenden \\u00e4lteren Zielgruppe innovative digitale Dienstleistungen und Produkte einfach und zielgruppengerecht anbieten wollen, sind unsere Kunden.<\\\/p>\",\"title\":\"kleine und gro\\u00dfe unternehmen \",\"image\":\"wp-content\\\/uploads\\\/shutterstock_jungalt-2.jpg\",\"margin_remove_top\":false,\"margin_remove_bottom\":false,\"image_height\":\"500\"}}]}]}]},{\"type\":\"section\",\"props\":{\"style\":\"default\",\"width\":\"default\",\"vertical_align\":\"middle\",\"title_position\":\"top-left\",\"title_rotation\":\"left\",\"title_breakpoint\":\"xl\",\"image_position\":\"center-center\",\"text_color\":\"\",\"width_expand\":\"\",\"height\":\"\",\"padding\":\"\",\"header_transparent\":\"\",\"animation\":\"\"},\"children\":[{\"type\":\"row\",\"props\":{\"layout\":\"1-1\",\"breakpoint\":\"m\",\"fixed_width\":\"large\",\"gutter\":\"\",\"width\":\"\",\"width_expand\":\"\",\"height\":\"\",\"margin\":\"\"},\"children\":[{\"type\":\"column\",\"props\":{\"widths\":[\"1-1\"],\"image_position\":\"center-center\",\"media_overlay_gradient\":\"\",\"vertical_align\":\"\",\"style\":\"\",\"text_color\":\"\",\"padding\":\"\"},\"children\":[{\"type\":\"quotation\",\"props\":{\"link_style\":\"\",\"text_align\":\"\",\"text_align_breakpoint\":\"\",\"text_align_fallback\":\"\",\"maxwidth\":\"\",\"maxwidth_align\":\"\",\"maxwidth_breakpoint\":\"\",\"margin\":\"\",\"animation\":\"\",\"visibility\":\"\",\"content\":\"\n\n<p>Mit der Smart Assets haben wir f\\u00fcr die Positionierung und Einf\\u00fchrung des <a href=\\\"https:\\\/\\\/www.sonnleitner-consulting.at\\\/smartassets\\\/projekte\\\/\\\">Life-Managers<\\\/a> am \\u00d6sterreichischen Markt den richtigen Partner gefunden. Das Team hat die notwendige Erfahrung und beste Vorraussetzungen, unsere innovativen Gesamtl\\u00f6sungen der \\u00e4lteren Zielgruppe entsprechend zu transportieren und die Nutzung nachhaltig zu vermitteln. Ein gutes Verst\\u00e4ndnis f\\u00fcr Innovationen kombiniert mit einer ausgepr\\u00e4gten \\\"Hands-On\\\" Mentalit\\u00e4t zeichnet unseren Partner aus!<\\\/p>\",\"footer\":\"Bo H. Iversen (CEO Life-Partners)\"}}]}]}]}],\"version\":\"1.18.7\",\"props\":[]} --><\/p>\n","protected":false},"excerpt":{"rendered":"<p>ma\u00dfgeschneiderte digitale l\u00f6sungen und der bedingungslose Fokus all unserer Aktivit\u00e4ten und Entwicklungen auf die Bed\u00fcrfnisse \u00e4lterer Zielgruppen zeichnen uns aus. Im Vordergrund stehen individuelle, digitale Produkte und Dienstleistungen mit dem Anspruch auf einfache und intuitive Bedienung sowie einen hohen Differenzierungsgrad.\u00a0 spezifisches Know-How mit unserer Zielgruppe und deren Umgang mit neuen Technologien ist unser Asset und [&hellip;]<\/p>\n","protected":false},"author":2,"featured_media":0,"parent":0,"menu_order":0,"comment_status":"closed","ping_status":"closed","template":"","meta":{"footnotes":""},"_links":{"self":[{"href":"https:\/\/www.smartassets.at\/cms\/wp-json\/wp\/v2\/pages\/212"}],"collection":[{"href":"https:\/\/www.smartassets.at\/cms\/wp-json\/wp\/v2\/pages"}],"about":[{"href":"https:\/\/www.smartassets.at\/cms\/wp-json\/wp\/v2\/types\/page"}],"author":[{"embeddable":true,"href":"https:\/\/www.smartassets.at\/cms\/wp-json\/wp\/v2\/users\/2"}],"replies":[{"embeddable":true,"href":"https:\/\/www.smartassets.at\/cms\/wp-json\/wp\/v2\/comments?post=212"}],"version-history":[{"count":104,"href":"https:\/\/www.smartassets.at\/cms\/wp-json\/wp\/v2\/pages\/212\/revisions"}],"predecessor-version":[{"id":686,"href":"https:\/\/www.smartassets.at\/cms\/wp-json\/wp\/v2\/pages\/212\/revisions\/686"}],"wp:attachment":[{"href":"https:\/\/www.smartassets.at\/cms\/wp-json\/wp\/v2\/media?parent=212"}],"curies":[{"name":"wp","href":"https:\/\/api.w.org\/{rel}","templated":true}]}}