{"id":213,"date":"2019-02-13T10:34:39","date_gmt":"2019-02-13T10:34:39","guid":{"rendered":"https:\/\/www.sonnleitner-consulting.at\/smartassets\/?page_id=213"},"modified":"2020-08-11T15:27:46","modified_gmt":"2020-08-11T13:27:46","slug":"projekte","status":"publish","type":"page","link":"https:\/\/www.smartassets.at\/cms\/projekte\/","title":{"rendered":"PROJEKTE"},"content":{"rendered":"<div>\n<p>        <img decoding=\"async\" src=\"wp-content\/uploads\/image.jpg\" alt=\"\"><\/p>\n<h1>auszug aus unseren aktuellen projekten<\/h1>\n<\/div>\n<div>\n<h3>24h QuAALity<\/h3>\n<div>\n<p style=\"text-align: justify;\">Neben dem Bedarf an professioneller und institutioneller Gesundheits- und Krankenpflege, steigt auch der Bedarf an 24h-Betreuung. Sie ist mit \u00fcber 60.000 Nutzer*innen in \u00d6sterreich eine wichtige Alternative zu famili\u00e4rer Betreuung und mobiler Pflege. Im Projekt 24h QuAAlity wird eine verteilte Softwarel\u00f6sung zur Unterst\u00fctzung und Qualit\u00e4tssicherung entwickelt.\u00a0 Sie beinhaltet unter anderem:<\/p>\n<ul>\n<li>Informations- und Weiterbildungsportal zu wiederkehrenden Betreuungssituationen in mehreren Sprachen<\/li>\n<li>Elektronische Betreuungsdokumentation<\/li>\n<li>Integriertes Notfallmanagement<\/li>\n<\/ul>\n<\/div>\n<p><a href=\"https:\/\/www.fh-campuswien.ac.at\/lehre\/hochschullehre\/projekte\/detail\/qualitaetssicherung-in-der-24h-betreuung-24h-quaality.html\">24h QuAALity<\/a><\/p>\n<\/div>\n<div>\n<h3>digi-rehab<\/h3>\n<div>\n<p style=\"text-align: justify;\">ist eine einzigartige digitale Anwendung mit Bewegungs\u00fcbungen zur Steigerung der Lebensqualit\u00e4t f\u00fcr Menschen in Betreuung und Pflege. Das intelligente und personenbezogene \u00dcbungsprogramm hilft Personen Ihre Selbst\u00e4ndigkeit im t\u00e4glichen Leben aufrecht zu erhalten und den Bedarf an Unterst\u00fctzung zu reduzieren. Eine integrierte Analysefunktion gew\u00e4hrleistet einen nachhaltigen Erfolg und erm\u00f6glicht eine schnelle und effektive Anpassung der Trainings\u00fcbungen an den Gesundheitszustand der betreuten Personen.<\/p>\n<p>\u00a0<\/p>\n<\/div>\n<p><a href=\"https:\/\/digirehab.dk\/at\/\">weiter zu Digi-Rehab<\/a><\/p>\n<\/div>\n<div>\n<h3>life-manager <\/h3>\n<div>\n<p style=\"text-align: justify;\">ist eine Softwarel\u00f6sung f\u00fcr das Sozial &#8211; und Gesundheitswesen, welche die Kommunikation zwischen Familie, Fachpersonal oder zB. einem Betreuer\/in verbessert und f\u00f6rdert.\u00a0 Sie wird vorwiegend in der ambulanten sowie station\u00e4ren Betreuung eingesetzt und sorgt nachweislich f\u00fcr mehr Qualit\u00e4t und Zufriedenheit f\u00fcr alle Beteiligten Personen und Organisationen. Informieren Sie sich jetzt \u00fcber die vielseitigen Einsatzm\u00f6glichkeiten der Life-Manager Plattform.\u00a0<\/p>\n<\/div>\n<p><a href=\"http:\/\/de.www2.life-partners.com\/produkte\/betreuung\/\">weiter zum Life-Manager<\/a><\/p>\n<\/div>\n<h4>\n<p>Sie wollen mehr \u00fcber unsere Projekte erfahren? Dann <a href=\"https:\/\/www.smartassets.at\/cms\/kontakt\/\">kontaktieren<\/a> Sie uns!<\/p>\n<\/h4>\n<p><!-- {\"type\":\"layout\",\"children\":[{\"type\":\"section\",\"props\":{\"style\":\"default\",\"width\":\"expand\",\"vertical_align\":\"middle\",\"title_position\":\"top-left\",\"title_rotation\":\"left\",\"title_breakpoint\":\"xl\",\"image_position\":\"center-center\",\"text_color\":\"\",\"width_expand\":\"\",\"height\":\"\",\"padding\":\"\",\"header_transparent\":\"\",\"animation\":\"\"},\"children\":[{\"type\":\"row\",\"props\":{\"layout\":\"1-1\",\"breakpoint\":\"m\",\"fixed_width\":\"large\",\"gutter\":\"\",\"width\":\"\",\"width_expand\":\"\",\"height\":\"\",\"margin\":\"\"},\"children\":[{\"type\":\"column\",\"props\":{\"widths\":[\"1-1\"],\"image_position\":\"center-center\",\"media_overlay_gradient\":\"\",\"vertical_align\":\"\",\"style\":\"\",\"text_color\":\"\",\"padding\":\"\"},\"children\":[{\"type\":\"panel\",\"props\":{\"link_text\":\"Read more\",\"title_element\":\"h1\",\"meta_style\":\"meta\",\"meta_align\":\"bottom\",\"icon_ratio\":4,\"image_align\":\"top\",\"image_grid_width\":\"1-2\",\"image_breakpoint\":\"m\",\"link_style\":\"default\",\"margin\":\"default\",\"panel_style\":\"\",\"panel_size\":\"\",\"title_style\":\"h1\",\"title_decoration\":\"\",\"title_color\":\"\",\"meta_color\":\"\",\"meta_margin\":\"\",\"content_style\":\"\",\"image_border\":\"\",\"image_box_shadow\":\"\",\"image_hover_box_shadow\":\"\",\"image_box_decoration\":\"\",\"icon_color\":\"\",\"image_gutter\":\"\",\"link_size\":\"\",\"text_align\":\"center\",\"text_align_breakpoint\":\"\",\"text_align_fallback\":\"\",\"maxwidth\":\"\",\"maxwidth_align\":\"\",\"maxwidth_breakpoint\":\"\",\"animation\":\"\",\"visibility\":\"\",\"title\":\"auszug aus unseren aktuellen projekten\",\"content\":\"\",\"image\":\"wp-content\\\/uploads\\\/image.jpg\",\"image_height\":\"500\",\"image_width\":\"1200\"}}]}]}]},{\"type\":\"section\",\"props\":{\"style\":\"muted\",\"width\":\"default\",\"vertical_align\":\"middle\",\"title_position\":\"top-left\",\"title_rotation\":\"left\",\"title_breakpoint\":\"xl\",\"image_position\":\"center-center\",\"text_color\":\"\",\"width_expand\":\"\",\"height\":\"\",\"padding\":\"\",\"header_transparent\":\"\",\"animation\":\"\"},\"children\":[{\"type\":\"row\",\"props\":{\"layout\":\",,\",\"breakpoint\":\"m\",\"fixed_width\":\"large\",\"gutter\":\"\",\"width\":\"\",\"width_expand\":\"\",\"height\":\"\",\"margin\":\"\"},\"children\":[{\"type\":\"column\",\"props\":{\"widths\":[\"\"],\"image_position\":\"center-center\",\"media_overlay_gradient\":\"\",\"vertical_align\":\"\",\"style\":\"\",\"text_color\":\"\",\"padding\":\"\"},\"children\":[{\"type\":\"panel\",\"props\":{\"link_text\":\"24h QuAALity\",\"title_element\":\"h3\",\"meta_style\":\"meta\",\"meta_align\":\"bottom\",\"icon_ratio\":4,\"image_align\":\"top\",\"image_grid_width\":\"1-2\",\"image_breakpoint\":\"m\",\"link_style\":\"default\",\"margin\":\"default\",\"panel_style\":\"\",\"panel_size\":\"\",\"title_style\":\"\",\"title_decoration\":\"\",\"title_color\":\"\",\"meta_color\":\"\",\"meta_margin\":\"\",\"content_style\":\"\",\"image_border\":\"\",\"image_box_shadow\":\"\",\"image_hover_box_shadow\":\"\",\"image_box_decoration\":\"\",\"icon_color\":\"\",\"image_gutter\":\"\",\"link_size\":\"\",\"text_align\":\"\",\"text_align_breakpoint\":\"\",\"text_align_fallback\":\"\",\"maxwidth\":\"\",\"maxwidth_align\":\"\",\"maxwidth_breakpoint\":\"\",\"animation\":\"\",\"visibility\":\"\",\"image\":\"\",\"content\":\"\n\n<p style=\\\"text-align: justify;\\\">Neben dem Bedarf an professioneller und institutioneller Gesundheits- und Krankenpflege, steigt auch der Bedarf an 24h-Betreuung. Sie ist mit \\u00fcber 60.000 Nutzer*innen in \\u00d6sterreich eine wichtige Alternative zu famili\\u00e4rer Betreuung und mobiler Pflege. Im Projekt 24h QuAAlity wird eine verteilte Softwarel\\u00f6sung zur Unterst\\u00fctzung und Qualit\\u00e4tssicherung entwickelt.\\u00a0 Sie beinhaltet unter anderem:<\\\/p>\\n\n\n<ul>\\n\n\n<li>Informations- und Weiterbildungsportal zu wiederkehrenden Betreuungssituationen in mehreren Sprachen<\\\/li>\\n\n\n<li>Elektronische Betreuungsdokumentation<\\\/li>\\n\n\n<li>Integriertes Notfallmanagement<\\\/li>\\n<\\\/ul>\",\"meta\":\"\",\"title\":\"24h QuAALity\",\"link\":\"https:\\\/\\\/www.fh-campuswien.ac.at\\\/lehre\\\/hochschullehre\\\/projekte\\\/detail\\\/qualitaetssicherung-in-der-24h-betreuung-24h-quaality.html\",\"link_target\":true,\"image_width\":\"\",\"image_height\":\"200\"}}]},{\"type\":\"column\",\"props\":{\"widths\":[\"\"],\"image_position\":\"center-center\",\"media_overlay_gradient\":\"\",\"vertical_align\":\"\",\"style\":\"\",\"text_color\":\"\",\"padding\":\"\"},\"children\":[{\"type\":\"panel\",\"props\":{\"link_text\":\"weiter zu Digi-Rehab\",\"title_element\":\"h3\",\"meta_style\":\"meta\",\"meta_align\":\"bottom\",\"icon_ratio\":4,\"image_align\":\"top\",\"image_grid_width\":\"1-2\",\"image_breakpoint\":\"m\",\"link_style\":\"default\",\"margin\":\"default\",\"panel_style\":\"\",\"panel_size\":\"\",\"title_style\":\"\",\"title_decoration\":\"\",\"title_color\":\"\",\"meta_color\":\"\",\"meta_margin\":\"\",\"content_style\":\"\",\"image_border\":\"\",\"image_box_shadow\":\"\",\"image_hover_box_shadow\":\"\",\"image_box_decoration\":\"\",\"icon_color\":\"\",\"image_gutter\":\"\",\"link_size\":\"\",\"text_align\":\"\",\"text_align_breakpoint\":\"\",\"text_align_fallback\":\"\",\"maxwidth\":\"\",\"maxwidth_align\":\"\",\"maxwidth_breakpoint\":\"\",\"animation\":\"\",\"visibility\":\"\",\"content\":\"\n\n<p style=\\\"text-align: justify;\\\">ist eine einzigartige digitale Anwendung mit Bewegungs\\u00fcbungen zur Steigerung der Lebensqualit\\u00e4t f\\u00fcr Menschen in Betreuung und Pflege. Das intelligente und personenbezogene \\u00dcbungsprogramm hilft Personen Ihre Selbst\\u00e4ndigkeit im t\\u00e4glichen Leben aufrecht zu erhalten und den Bedarf an Unterst\\u00fctzung zu reduzieren. Eine integrierte Analysefunktion gew\\u00e4hrleistet einen nachhaltigen Erfolg und erm\\u00f6glicht eine schnelle und effektive Anpassung der Trainings\\u00fcbungen an den Gesundheitszustand der betreuten Personen.<\\\/p>\\n\n\n<p>\\u00a0<\\\/p>\",\"title\":\"digi-rehab\",\"image\":\"\",\"link\":\"https:\\\/\\\/digirehab.dk\\\/at\\\/\",\"link_target\":true,\"image_width\":\"\",\"image_height\":\"200\",\"image_alt\":\"\"}}]},{\"type\":\"column\",\"props\":{\"widths\":[\"\"],\"image_position\":\"center-center\",\"media_overlay_gradient\":\"\",\"vertical_align\":\"\",\"style\":\"\",\"text_color\":\"\",\"padding\":\"\"},\"children\":[{\"type\":\"panel\",\"props\":{\"link_text\":\"weiter zum Life-Manager\",\"title_element\":\"h3\",\"meta_style\":\"meta\",\"meta_align\":\"bottom\",\"icon_ratio\":4,\"image_align\":\"top\",\"image_grid_width\":\"1-2\",\"image_breakpoint\":\"m\",\"link_style\":\"default\",\"margin\":\"default\",\"panel_style\":\"\",\"panel_size\":\"\",\"title_style\":\"\",\"title_decoration\":\"\",\"title_color\":\"\",\"meta_color\":\"\",\"meta_margin\":\"\",\"content_style\":\"\",\"image_border\":\"\",\"image_box_shadow\":\"\",\"image_hover_box_shadow\":\"\",\"image_box_decoration\":\"\",\"icon_color\":\"\",\"image_gutter\":\"\",\"link_size\":\"\",\"text_align\":\"\",\"text_align_breakpoint\":\"\",\"text_align_fallback\":\"\",\"maxwidth\":\"\",\"maxwidth_align\":\"\",\"maxwidth_breakpoint\":\"\",\"animation\":\"\",\"visibility\":\"\",\"title\":\"life-manager \",\"content\":\"\n\n<p style=\\\"text-align: justify;\\\">ist eine Softwarel\\u00f6sung f\\u00fcr das Sozial - und Gesundheitswesen, welche die Kommunikation zwischen Familie, Fachpersonal oder zB. einem Betreuer\\\/in verbessert und f\\u00f6rdert.\\u00a0 Sie wird vorwiegend in der ambulanten sowie station\\u00e4ren Betreuung eingesetzt und sorgt nachweislich f\\u00fcr mehr Qualit\\u00e4t und Zufriedenheit f\\u00fcr alle Beteiligten Personen und Organisationen. Informieren Sie sich jetzt \\u00fcber die vielseitigen Einsatzm\\u00f6glichkeiten der Life-Manager Plattform.\\u00a0<\\\/p>\",\"image\":\"\",\"link\":\"http:\\\/\\\/de.www2.life-partners.com\\\/produkte\\\/betreuung\\\/\",\"link_target\":true,\"image_width\":\"\",\"image_height\":\"200\"}}]}]}]},{\"type\":\"section\",\"props\":{\"style\":\"default\",\"width\":\"default\",\"vertical_align\":\"middle\",\"title_position\":\"top-left\",\"title_rotation\":\"left\",\"title_breakpoint\":\"xl\",\"image_position\":\"center-center\",\"text_color\":\"\",\"width_expand\":\"\",\"height\":\"\",\"padding\":\"\",\"header_transparent\":\"\",\"animation\":\"\"},\"children\":[{\"type\":\"row\",\"props\":{\"layout\":\"1-1\",\"breakpoint\":\"m\",\"fixed_width\":\"large\",\"gutter\":\"\",\"width\":\"\",\"width_expand\":\"\",\"height\":\"\",\"margin\":\"\"},\"children\":[{\"type\":\"column\",\"props\":{\"widths\":[\"1-1\"],\"image_position\":\"center-center\",\"media_overlay_gradient\":\"\",\"vertical_align\":\"\",\"style\":\"\",\"text_color\":\"\",\"padding\":\"\"},\"children\":[{\"type\":\"headline\",\"props\":{\"title_element\":\"h4\",\"title_style\":\"h4\",\"title_decoration\":\"\",\"title_color\":\"\",\"text_align\":\"center\",\"text_align_breakpoint\":\"\",\"text_align_fallback\":\"\",\"maxwidth\":\"\",\"maxwidth_align\":\"\",\"maxwidth_breakpoint\":\"\",\"margin\":\"\",\"animation\":\"\",\"visibility\":\"\",\"content\":\"\n\n<p>Sie wollen mehr \\u00fcber unsere Projekte erfahren? Dann <a href=\\\"https:\\\/\\\/www.smartassets.at\\\/cms\\\/kontakt\\\/\\\">kontaktieren<\\\/a> Sie uns!<\\\/p>\"}}]}]}]}],\"version\":\"1.18.7\",\"props\":[]} --><\/p>\n","protected":false},"excerpt":{"rendered":"<p>auszug aus unseren aktuellen projekten 24h QuAALity Neben dem Bedarf an professioneller und institutioneller Gesundheits- und Krankenpflege, steigt auch der Bedarf an 24h-Betreuung. Sie ist mit \u00fcber 60.000 Nutzer*innen in \u00d6sterreich eine wichtige Alternative zu famili\u00e4rer Betreuung und mobiler Pflege. Im Projekt 24h QuAAlity wird eine verteilte Softwarel\u00f6sung zur Unterst\u00fctzung und Qualit\u00e4tssicherung entwickelt.\u00a0 Sie beinhaltet [&hellip;]<\/p>\n","protected":false},"author":2,"featured_media":0,"parent":0,"menu_order":0,"comment_status":"closed","ping_status":"closed","template":"","meta":{"footnotes":""},"_links":{"self":[{"href":"https:\/\/www.smartassets.at\/cms\/wp-json\/wp\/v2\/pages\/213"}],"collection":[{"href":"https:\/\/www.smartassets.at\/cms\/wp-json\/wp\/v2\/pages"}],"about":[{"href":"https:\/\/www.smartassets.at\/cms\/wp-json\/wp\/v2\/types\/page"}],"author":[{"embeddable":true,"href":"https:\/\/www.smartassets.at\/cms\/wp-json\/wp\/v2\/users\/2"}],"replies":[{"embeddable":true,"href":"https:\/\/www.smartassets.at\/cms\/wp-json\/wp\/v2\/comments?post=213"}],"version-history":[{"count":76,"href":"https:\/\/www.smartassets.at\/cms\/wp-json\/wp\/v2\/pages\/213\/revisions"}],"predecessor-version":[{"id":684,"href":"https:\/\/www.smartassets.at\/cms\/wp-json\/wp\/v2\/pages\/213\/revisions\/684"}],"wp:attachment":[{"href":"https:\/\/www.smartassets.at\/cms\/wp-json\/wp\/v2\/media?parent=213"}],"curies":[{"name":"wp","href":"https:\/\/api.w.org\/{rel}","templated":true}]}}